{"id":5000,"date":"2022-12-03T12:32:29","date_gmt":"2022-12-03T11:32:29","guid":{"rendered":"https:\/\/filharmoniadladzieci.pl\/sklep\/?page_id=5000"},"modified":"2025-01-21T23:40:46","modified_gmt":"2025-01-21T22:40:46","slug":"regulamin-koncertow","status":"publish","type":"page","link":"https:\/\/filharmoniadladzieci.pl\/sklep\/regulamin-koncertow\/","title":{"rendered":"Regulamin Koncert\u00f3w"},"content":{"rendered":"[vc_row type=&#8221;full_width_background&#8221; full_screen_row_position=&#8221;middle&#8221; column_margin=&#8221;default&#8221; column_direction=&#8221;default&#8221; column_direction_tablet=&#8221;default&#8221; column_direction_phone=&#8221;default&#8221; bg_color=&#8221;#ffbb00&#8243; scene_position=&#8221;center&#8221; top_padding=&#8221;5%&#8221; constrain_group_1=&#8221;yes&#8221; bottom_padding=&#8221;5%&#8221; top_padding_phone=&#8221;5%&#8221; constrain_group_5=&#8221;yes&#8221; bottom_padding_phone=&#8221;5%&#8221; text_color=&#8221;light&#8221; text_align=&#8221;left&#8221; row_border_radius=&#8221;none&#8221; row_border_radius_applies=&#8221;bg&#8221; overflow=&#8221;visible&#8221; advanced_gradient_angle=&#8221;0&#8243; overlay_strength=&#8221;0.3&#8243; gradient_direction=&#8221;left_to_right&#8221; enable_shape_divider=&#8221;true&#8221; shape_divider_position=&#8221;bottom&#8221; bg_image_animation=&#8221;none&#8221; gradient_type=&#8221;default&#8221; shape_type=&#8221;curve_opacity&#8221;][vc_column column_padding=&#8221;no-extra-padding&#8221; column_padding_tablet=&#8221;inherit&#8221; column_padding_phone=&#8221;inherit&#8221; column_padding_position=&#8221;all&#8221; column_element_spacing=&#8221;default&#8221; background_color_opacity=&#8221;1&#8243; background_hover_color_opacity=&#8221;1&#8243; column_shadow=&#8221;none&#8221; column_border_radius=&#8221;none&#8221; column_link_target=&#8221;_self&#8221; column_position=&#8221;default&#8221; gradient_direction=&#8221;left_to_right&#8221; overlay_strength=&#8221;0.3&#8243; width=&#8221;1\/1&#8243; tablet_width_inherit=&#8221;default&#8221; tablet_text_alignment=&#8221;default&#8221; phone_text_alignment=&#8221;default&#8221; animation_type=&#8221;default&#8221; bg_image_animation=&#8221;none&#8221; border_type=&#8221;simple&#8221; column_border_width=&#8221;none&#8221; column_border_style=&#8221;solid&#8221;][vc_column_text]\n<h3 style=\"text-align: center;\">Regulamin Koncert\u00f3w<br \/>\nFilharmonia dla Dzieci<br \/>\nWarszawa<\/h3>\n[\/vc_column_text][\/vc_column][\/vc_row][vc_row type=&#8221;full_width_background&#8221; full_screen_row_position=&#8221;middle&#8221; column_margin=&#8221;default&#8221; column_direction=&#8221;default&#8221; column_direction_tablet=&#8221;default&#8221; column_direction_phone=&#8221;default&#8221; bg_color=&#8221;#ffffff&#8221; scene_position=&#8221;center&#8221; top_padding=&#8221;2%&#8221; constrain_group_1=&#8221;yes&#8221; bottom_padding=&#8221;2%&#8221; top_padding_phone=&#8221;5%&#8221; constrain_group_5=&#8221;yes&#8221; bottom_padding_phone=&#8221;5%&#8221; text_color=&#8221;dark&#8221; text_align=&#8221;left&#8221; row_border_radius=&#8221;none&#8221; row_border_radius_applies=&#8221;bg&#8221; overflow=&#8221;visible&#8221; advanced_gradient_angle=&#8221;0&#8243; overlay_strength=&#8221;0.3&#8243; gradient_direction=&#8221;left_to_right&#8221; shape_divider_position=&#8221;bottom&#8221; bg_image_animation=&#8221;none&#8221; gradient_type=&#8221;default&#8221; shape_type=&#8221;&#8221;][vc_column column_padding=&#8221;no-extra-padding&#8221; column_padding_tablet=&#8221;inherit&#8221; column_padding_phone=&#8221;inherit&#8221; column_padding_position=&#8221;all&#8221; column_element_spacing=&#8221;default&#8221; background_color_opacity=&#8221;1&#8243; background_hover_color_opacity=&#8221;1&#8243; column_shadow=&#8221;none&#8221; column_border_radius=&#8221;none&#8221; column_link_target=&#8221;_self&#8221; column_position=&#8221;default&#8221; gradient_direction=&#8221;left_to_right&#8221; overlay_strength=&#8221;0.3&#8243; width=&#8221;1\/1&#8243; tablet_width_inherit=&#8221;default&#8221; tablet_text_alignment=&#8221;default&#8221; phone_text_alignment=&#8221;default&#8221; animation_type=&#8221;default&#8221; bg_image_animation=&#8221;none&#8221; border_type=&#8221;simple&#8221; column_border_width=&#8221;none&#8221; column_border_style=&#8221;solid&#8221;][vc_column_text]<strong>REGULAMIN<br \/>\n<\/strong>z dnia 07 wrze\u015bnia 2019<br \/>\nostatnia aktualizacja: 20\/01\/2025<\/p>\n<p>&nbsp;<\/p>\n<p>\u00a7<strong> 1.<\/strong> <strong>Informacje og\u00f3lne<\/strong><\/p>\n<p>1.Niniejszy regulamin okre\u015bla zasady rezerwacji bilet\u00f3w oraz uczestnictwa w koncertach dla dzieci o nazwie\u00a0 Filharmonia dla Dzieci, zwanych dalej: \u201eWydarzeniem\u201d lub \u201eKoncertem\u201d, organizowanych w Warszawie .<br \/>\n2. Uczestnictwo w Wydarzeniu jest r\u00f3wnoznaczne z zapoznaniem si\u0119 i akceptacj\u0105 niniejszego Regulaminu.<br \/>\n3. Kontakt do Biura Widza: tel 737-169-961, e-mail:\u00a0 warszawa-bilety@FilharmoniaDlaDzieci.pl<br \/>\n<strong><br \/>\n\u00a7 2<\/strong>. <strong>Ochrona wizerunku<br \/>\n<\/strong>1. Poniewa\u017c uczestnicy bior\u0105 udzia\u0142 w wydarzeniu publicznym, kt\u00f3re jest dokumentowane w formie zdj\u0119\u0107, oraz -sporadycznie- nagra\u0144 video, uczestnictwo w wydarzeniu jest mo\u017cliwe jedynie po wyra\u017ceniu zgody na upublicznianie wizerunku zawartego w fotografiach i nagraniach zrealizowanych podczas wydarzenia.<br \/>\n2. Powy\u017csze upublicznianie wizerunku b\u0119dzie s\u0142u\u017cy\u0107 wy\u0142\u0105cznie celom informacyjnym, promocyjnym i reklamowym wydarze\u0144 artystycznych i dzia\u0142a\u0144 statutowych Organizatora i nie b\u0119dzie u\u017cywane w innym celu.<\/p>\n<p><strong>\u00a7 3.\u00a0 Warunki wst\u0119pu<\/strong> <strong>na koncerty <\/strong><br \/>\n1. W koncertach uczestnicz\u0105 dzieci i doro\u015bli. Dla ka\u017cdego uczestnika nale\u017cy op\u0142aci\u0107 bilet. Dzieci uczestnicz\u0105 w koncercie tylko pod opiek\u0105 doros\u0142ych.<br \/>\n2. Bilety nie wymagaj\u0105 wydruku. Przy wej\u015bciu na koncert wystarczy poda\u0107 numer op\u0142aconej rezerwacji, kt\u00f3ry otrzymuje si\u0119 na adres e-mail po op\u0142aceniu bilet\u00f3w w sklepie internetowym, oraz nazwisko osoby kt\u00f3ra zamawia\u0142a bilety.<br \/>\n3. Zapraszamy Dzieci od 2 roku \u017cycia. Przez wzgl\u0105d na\u00a0 konieczno\u015b\u0107 zachowania ciszy przy muzyce udzia\u0142 mniejszych dzieci jest mo\u017cliwy po potwierdzeniu przez Biuro.<\/p>\n<p>\u00a7 <strong>4. Zamawianie, zakup i zwroty bilet\u00f3w<br \/>\n<\/strong>1. <strong>Zakupu dokonuje si\u0119 wy\u0142\u0105cznie online<\/strong> przez sklep pod adresem: <a href=\"https:\/\/filharmoniadladzieci.pl\/sklep\/\">https:\/\/filharmoniadladzieci.pl\/sklep\/<\/a><br \/>\n2. Zwroty s\u0105 mo\u017cliwe do 14 dni po zakupie, jednak nie p\u00f3\u017aniej ni\u017c 10 dni przed koncertami. Aby zwr\u00f3ci\u0107 bilety nale\u017cy wys\u0142a\u0107 mail do Biura Widza (warszawa-bilety@FilharmoniaDladzieci.pl)<br \/>\n3.\u00a0 Zakup bilet\u00f3w (op\u0142acenie rezerwacji) szczeg\u00f3\u0142owo opisuje i reguluje\u00a0 REGULAMIN SKLEPU dost\u0119pny na stronie sklepu Filharmonii dla Dzieci:<br \/>\n<a href=\"https:\/\/filharmoniadladzieci.pl\/sklep\/\"> https:\/\/filharmoniadladzieci.pl\/sklep\/<\/a><br \/>\n4. Zakup bilet\u00f3w (op\u0142acenie rezerwacji) oznacza akceptacj\u0119 ca\u0142o\u015bci niniejszego Regulaminu, co klient potwierdza przed zakupem.<\/p>\n<p>\u00a7 <strong>5. Zasady bezpiecze\u0144stwa<br \/>\n1.<\/strong>Uczestnik Wydarzenia zobowi\u0105zany jest do stosowania si\u0119 do polece\u0144 Organizatora oraz s\u0142u\u017cb porz\u0105dkowych.<br \/>\n2. Uczestnicy Wydarzenia oraz wszystkie inne osoby, kt\u00f3re znajduj\u0105 si\u0119 na terenie Wydarzenia, obowi\u0105zani s\u0105 zachowywa\u0107 si\u0119 w spos\u00f3b nie zagra\u017caj\u0105cy bezpiecze\u0144stwu innych os\u00f3b obecnych na Wydarzeniu, a w szczeg\u00f3lno\u015bci przestrzega\u0107 postanowie\u0144 Regulaminu.<br \/>\n3. <strong>Dzieci podczas ca\u0142ego wydarzenia pozostaj\u0105 pod opiek\u0105 rodzic\u00f3w\/opiekun\u00f3w, <\/strong>kt\u00f3rzy s\u0105 zobowi\u0105zani troszczy\u0107 si\u0119 o ich bezpiecze\u0144stwo i w\u0142a\u015bciwe zachowanie, w tym przestrzeganie niniejszego Regulaminu.<br \/>\n4. Organizator mo\u017ce odm\u00f3wi\u0107 wst\u0119pu na teren Wydarzenia:<br \/>\na)osobom kaszl\u0105cym lub z innymi objawami choroby zaka\u017anej, b)osobom kt\u00f3re nie op\u0142aci\u0142y rezerwacji i nie posiadaj\u0105 zaproszenia,<br \/>\nc) wszystkim osobom, kt\u00f3re zdaniem Organizatora mog\u0105 zagra\u017ca\u0107 bezpiecze\u0144stwu, lub budzi\u0107 niepok\u00f3j, osobom kt\u00f3rych zachowanie jest agresywne b\u0105d\u017a pozbawione szacunku dla innych uczestnik\u00f3w, osobom pod widocznym wp\u0142ywem alkoholu, \u015brodk\u00f3w odurzaj\u0105cych, psychotropowych lub innych podobnie dzia\u0142aj\u0105cych \u015brodk\u00f3w, osobom posiadaj\u0105cym bro\u0144 lub inne niebezpieczne przedmioty, napoje alkoholowe, \u015brodki odurzaj\u0105ce lub substancje psychotropowe.<br \/>\n5. Uczestnictwo w Wydarzeniu jest r\u00f3wnoznaczne z o\u015bwiadczeniem, \u017ce Uczestnik w pe\u0142ni zdaje sobie spraw\u0119 z mo\u017cliwego ryzyka zagro\u017cenia chorobowego dla zdrowia i \u017cycia spowodowanego wirusem SARS-CoV-2, wynikaj\u0105cego z udzia\u0142u w Wydarzeniu z udzia\u0142em publiczno\u015bci. (Punk obowi\u0105zuj\u0105cy podczas trwania epidemii.)<br \/>\n6. Organizator nie ponosi odpowiedzialno\u015bci za ryzyko zwi\u0105zane z potencjalnym zaka\u017ceniem wirusem SARS-CoV-2 wywo\u0142uj\u0105cym chorob\u0119 COVID-19, lub jakiekolwiek inne potencjalne zaka\u017cenie chorob\u0105 zaka\u017an\u0105 w trakcie trwania Wydarzenia.<br \/>\n7. Widzowie nie stosuj\u0105cy si\u0119 do polece\u0144 obs\u0142ugi widowni, lub naruszaj\u0105cy niniejszy Regulaminu, lub stwarzaj\u0105cy zagro\u017cenie dla innych widz\u00f3w, lub zostan\u0105 poproszeni o opuszczenie miejsca Wydarzenia przez Ochron\u0119 Koncertu lub przez Obs\u0142ug\u0119 Koncertu.<br \/>\n8. Uczestnicy zobowi\u0105zuj\u0105 do przestrzegania og\u00f3lnych przepis\u00f3w bezpiecze\u0144stwa obowi\u0105zuj\u0105cych w obiekcie, oraz przestrzegania zasad poszanowania mienia. Uczestnicy wydarzenia dla zachowania bezpiecze\u0144stwa zobowi\u0105zani s\u0105 do bezwzgl\u0119dnego stosowania si\u0119 do polece\u0144 i wskaza\u0144 s\u0142u\u017cb porz\u0105dkowych Organizatora.<\/p>\n<p>\u00a7 <strong>6<\/strong>. <strong>Ochrona Praw Autorskich Tw\u00f3rcy Koncertu<br \/>\n<\/strong>1.Zabrania si\u0119 <strong>jakiejkolwiek rejestracji audio lub video <\/strong>bez pisemnej zgody Organizatora (akredytacja), pod rygorem natychmiastowego opuszczenia wydarzenia.<br \/>\n2.Zabrania si\u0119 fotografowania profesjonalnym sprz\u0119tem foto bez pisemnej zgody Organizatora (akredytacja) pod rygorem natychmiastowego opuszczenia wydarzenia.<br \/>\n3. Mo\u017cliwe jest dokonywanie amatorskich pami\u0105tkowych zdj\u0119\u0107 podczas wydarzenia.<\/p>\n<p>\u00a7 <strong>7.<\/strong> <strong>Klauzula informacyjna PRZETWARZANIE DANYCH OSOBOWYCH<br \/>\n<\/strong>Od dnia 25 maja 2018 roku obowi\u0105zuje nowe rozporz\u0105dzenie Parlamentu Europejskiego i rady (UE) 2016\/679 z dnia 27 kwietnia 2016 roku w sprawie ochrony os\u00f3b fizycznych w zwi\u0105zku z przetwarzaniem danych osobowych i w sprawie swobodnego przep\u0142ywu takich informacji (nazwa RODO) oraz uchylenia dyrektywy 95\/46\/WE. W \u015bwietle powy\u017cszego informujemy, \u017ce: 1. Administratorem Pani\/Pana danych osobowych jest TESORI MUSICALI SP Z O.O. z siedzib\u0105 w Warszawie ul.Chmielna 2\/31.<br \/>\n2. Z Administratorem mo\u017cna si\u0119 kontaktowa\u0107 pisemnie listem poleconym, za pomoc\u0105 poczty tradycyjnej na powy\u017cszy adres<u>.<br \/>\n<\/u>3. Pani\/Pana dane osobowe s\u0105 przetwarzane na podstawie art. 6 ust. 1 lit. b) tj w oparciu o niezb\u0119dno\u015b\u0107 do wykonania umowy kt\u00f3rej stron\u0105 jest osoba, kt\u00f3rej dane dotycz\u0105, lub do podj\u0119cia dzia\u0142a\u0144 na \u017c\u0105danie osoby, kt\u00f3rej dane dotycz\u0105, przed zawarciem umowy; art. 6 ust. 1 lit. c) tj gdy przetwarzanie jest niezb\u0119dne do wype\u0142nienia obowi\u0105zku prawnego ci\u0105\u017c\u0105cego na administratorze; art. 6 ust. 1 lit. d) tj gdy przetwarzanie jest niezb\u0119dne do ochrony \u017cywotnych interes\u00f3w osoby, kt\u00f3rej dane dotycz\u0105, lub innej osoby fizycznej; art. 6 ust. 1 lit. f) tj do cel\u00f3w wynikaj\u0105cych z prawnie uzasadnionych interes\u00f3w realizowanych przez administratora.<br \/>\n4.Podanie danych osobowych\u00a0 jest warunkiem zawarcia i wykonania umowy sprzeda\u017cy oraz jej realizacji. Niepodanie ww. Danych osobowych uniemo\u017cliwia zawarcie i wykonanie umowy.<br \/>\n5. Na podstawie\u00a0 \u00a72 niniejszego Regulaminu Koncert\u00f3w Organizator mo\u017ce dokonywa\u0107 dokumentacji fotograficznej wydarze\u0144, b\u0105d\u017a rejestracji video. Jako Administrator danych udost\u0119pnia wizerunek os\u00f3b w celach zwi\u0105zanych z relacjonowaniem, zapowiedziami i reklam\u0105 wydarze\u0144 Filharmonia dla Dzieci. Administrator stosuje organizacyjne i techniczne \u015brodki bezpiecze\u0144stwa, aby chroni\u0107 dane przed nieuprawnionym dost\u0119pem os\u00f3b trzecich.<br \/>\n6. W zwi\u0105zku z przetwarzaniem Pani\/Pana danych osobowych przys\u0142uguje Pani\/Panu prawo do \u017c\u0105dania od Administratora dost\u0119pu, sprostowania, usuni\u0119cia, ograniczenia przetwarzania Pani\/Pana danych osobowych. Przys\u0142uguje Panu\/Pani r\u00f3wnie\u017c prawo do z\u0142o\u017cenia skargi do G\u0142\u00f3wnego Inspektora Ochrony danych Osobowych.<br \/>\n7. W przypadku ch\u0119ci zg\u0142oszenia wniosku o usuni\u0119cie Pani\/Pana danych osobowych i\/lub zdj\u0119\u0107 z Serwisu, nale\u017cy si\u0119 kontaktowa\u0107\u00a0 pisemnie listem poleconym na adres Administratora podany powy\u017cej. Administrator dokona ich usuni\u0119cia bez zb\u0119dnej zw\u0142oki, jednak nie p\u00f3\u017aniej ni\u017c w ci\u0105gu 3 dni od daty zg\u0142oszenia przez Pani\u0105\/Pana takiego wniosku. We wniosku nale\u017cy poda\u0107 dane o kt\u00f3rych usuni\u0119cie si\u0119 wnosi.<br \/>\n8. Administrator dok\u0142ada wszelkich stara\u0144, aby zapewni\u0107 wszelkie \u015brodki fizycznej, technicznej i organizacyjnej ochrony danych osobowych przed ich przypadkowym czy umy\u015blnym zniszczeniem, utrat\u0105, zmian\u0105, nieuprawnionym ujawnieniem, wykorzystaniem czy dost\u0119pem, zgodnie ze wszystkimi obowi\u0105zuj\u0105cymi przepisami.<\/p>\n<p><strong>\u00a7 8. Postanowienia ko\u0144cowe<\/strong><\/p>\n<p>1.Niniejszy Regulamin jest dost\u0119pny:<br \/>\na) na stronie internetowej <a href=\"http:\/\/www.FilharmoniaDlaDzieci.pl\/\">www.<\/a><a href=\"http:\/\/www.FilharmoniaDlaDzieci.pl\/\">FilharmoniaDlaDzieci.pl<\/a><br \/>\nb) w sklepie online w procesie zamawiania bilet\u00f3w<\/p>\n<p>2.Organizatorowi przys\u0142uguje prawo zmiany niniejszego Regulaminu, w szczeg\u00f3lno\u015bci z uwagi na potrzeb\u0119 zapewnienia prawid\u0142owego przebiegu Wydarzenia oraz dostosowania do aktualnych przepis\u00f3w.<\/p>\n<p>3.Organizator nie ponosi odpowiedzialno\u015bci za skutki dzia\u0142ania si\u0142y wy\u017cszej oraz za szkody, kt\u00f3rym nie m\u00f3g\u0142 zapobiec przy zachowaniu nale\u017cytej staranno\u015bci.<\/p>\n<p>4. W sprawach nieuregulowanych niniejszym Regulaminem maj\u0105 zastosowanie przepisy ustawy z dnia 23 kwietnia 1964 r. Kodeks cywilny oraz inne przepisy prawa powszechnie obowi\u0105zuj\u0105cego.<\/p>\n<p lang=\"de-DE\" align=\"center\">***<\/p>\n[\/vc_column_text][\/vc_column][\/vc_row]\n","protected":false},"excerpt":{"rendered":"<p>[vc_row type=&#8221;full_width_background&#8221; full_screen_row_position=&#8221;middle&#8221; column_margin=&#8221;default&#8221; column_direction=&#8221;default&#8221; column_direction_tablet=&#8221;default&#8221; column_direction_phone=&#8221;default&#8221; bg_color=&#8221;#ffbb00&#8243; scene_position=&#8221;center&#8221; top_padding=&#8221;5%&#8221; constrain_group_1=&#8221;yes&#8221; bottom_padding=&#8221;5%&#8221; top_padding_phone=&#8221;5%&#8221; constrain_group_5=&#8221;yes&#8221; bottom_padding_phone=&#8221;5%&#8221; text_color=&#8221;light&#8221; text_align=&#8221;left&#8221; row_border_radius=&#8221;none&#8221; row_border_radius_applies=&#8221;bg&#8221; overflow=&#8221;visible&#8221; advanced_gradient_angle=&#8221;0&#8243; overlay_strength=&#8221;0.3&#8243; gradient_direction=&#8221;left_to_right&#8221; enable_shape_divider=&#8221;true&#8221; shape_divider_position=&#8221;bottom&#8221; bg_image_animation=&#8221;none&#8221; gradient_type=&#8221;default&#8221; shape_type=&#8221;curve_opacity&#8221;][vc_column column_padding=&#8221;no-extra-padding&#8221; column_padding_tablet=&#8221;inherit&#8221;&#8230;<\/p>\n","protected":false},"author":2,"featured_media":0,"parent":0,"menu_order":0,"comment_status":"closed","ping_status":"closed","template":"","meta":{"footnotes":""},"class_list":["post-5000","page","type-page","status-publish"],"_links":{"self":[{"href":"https:\/\/filharmoniadladzieci.pl\/sklep\/wp-json\/wp\/v2\/pages\/5000","targetHints":{"allow":["GET"]}}],"collection":[{"href":"https:\/\/filharmoniadladzieci.pl\/sklep\/wp-json\/wp\/v2\/pages"}],"about":[{"href":"https:\/\/filharmoniadladzieci.pl\/sklep\/wp-json\/wp\/v2\/types\/page"}],"author":[{"embeddable":true,"href":"https:\/\/filharmoniadladzieci.pl\/sklep\/wp-json\/wp\/v2\/users\/2"}],"replies":[{"embeddable":true,"href":"https:\/\/filharmoniadladzieci.pl\/sklep\/wp-json\/wp\/v2\/comments?post=5000"}],"version-history":[{"count":16,"href":"https:\/\/filharmoniadladzieci.pl\/sklep\/wp-json\/wp\/v2\/pages\/5000\/revisions"}],"predecessor-version":[{"id":15544,"href":"https:\/\/filharmoniadladzieci.pl\/sklep\/wp-json\/wp\/v2\/pages\/5000\/revisions\/15544"}],"wp:attachment":[{"href":"https:\/\/filharmoniadladzieci.pl\/sklep\/wp-json\/wp\/v2\/media?parent=5000"}],"curies":[{"name":"wp","href":"https:\/\/api.w.org\/{rel}","templated":true}]}}